{"id":6121,"date":"2025-04-26T06:13:58","date_gmt":"2025-04-26T04:13:58","guid":{"rendered":"https:\/\/data-training.fr\/lateststagingsite\/?post_type=product&#038;p=6121"},"modified":"2025-08-19T15:26:41","modified_gmt":"2025-08-19T13:26:41","slug":"seance-de-coaching-personnalise","status":"publish","type":"product","link":"https:\/\/data-training.fr\/lateststagingsite\/produit\/seance-de-coaching-personnalise\/","title":{"rendered":"S\u00e9ance de Coaching Personnalis\u00e9"},"content":{"rendered":"\t\t<div data-elementor-type=\"product-post\" data-elementor-id=\"6121\" class=\"elementor elementor-6121\" data-elementor-post-type=\"product\">\n\t\t\t\t<div class=\"elementor-element elementor-element-69a6e06 e-flex e-con-boxed wpr-particle-no wpr-jarallax-no wpr-parallax-no wpr-sticky-section-no e-con e-parent\" data-id=\"69a6e06\" data-element_type=\"container\">\n\t\t\t\t\t<div class=\"e-con-inner\">\n\t\t<div class=\"elementor-element elementor-element-29393da e-con-full e-flex wpr-particle-no wpr-jarallax-no wpr-parallax-no wpr-sticky-section-no e-con e-child\" data-id=\"29393da\" data-element_type=\"container\">\n\t\t\t\t<div class=\"elementor-element elementor-element-fe03923 elementor-widget elementor-widget-heading\" data-id=\"fe03923\" data-element_type=\"widget\" data-widget_type=\"heading.default\">\n\t\t\t\t<div class=\"elementor-widget-container\">\n\t\t\t\t\t<h6 class=\"elementor-heading-title elementor-size-default\">Points cl\u00e9s: \n<\/h6>\t\t\t\t<\/div>\n\t\t\t\t<\/div>\n\t\t\t\t<div class=\"elementor-element elementor-element-6fdf629 elementor-widget elementor-widget-text-editor\" data-id=\"6fdf629\" data-element_type=\"widget\" data-widget_type=\"text-editor.default\">\n\t\t\t\t<div class=\"elementor-widget-container\">\n\t\t\t\t\t\t\t\t\t<ul><li>60 minutes \u2013 Coaching 1:1 en ligne<\/li><li>En visio, avec partage d\u2019\u00e9cran<\/li><li>Inclus dans le plan Premium<\/li><li>Id\u00e9al pour progresser rapidement et en toute autonomie<\/li><\/ul>\t\t\t\t\t\t\t\t<\/div>\n\t\t\t\t<\/div>\n\t\t\t\t<\/div>\n\t\t<div class=\"elementor-element elementor-element-828e25e e-con-full e-flex wpr-particle-no wpr-jarallax-no wpr-parallax-no wpr-sticky-section-no e-con e-child\" data-id=\"828e25e\" data-element_type=\"container\">\n\t\t\t\t<div class=\"elementor-element elementor-element-184439d elementor-widget elementor-widget-heading\" data-id=\"184439d\" data-element_type=\"widget\" data-widget_type=\"heading.default\">\n\t\t\t\t<div class=\"elementor-widget-container\">\n\t\t\t\t\t<h6 class=\"elementor-heading-title elementor-size-default\">Nos formateurs experts vous aident \u00e0 :<\/h6>\t\t\t\t<\/div>\n\t\t\t\t<\/div>\n\t\t\t\t<div class=\"elementor-element elementor-element-13c7782 elementor-widget elementor-widget-text-editor\" data-id=\"13c7782\" data-element_type=\"widget\" data-widget_type=\"text-editor.default\">\n\t\t\t\t<div class=\"elementor-widget-container\">\n\t\t\t\t\t\t\t\t\t<ul><li>R\u00e9soudre vos probl\u00e8mes techniques ou vos blocages<\/li><li>Structurer vos projets et vos dashboards<\/li><li>Vous pr\u00e9parer \u00e0 la certification PL-300 ou \u00e0 un entretien professionnel<\/li><\/ul><p>Cette s\u00e9ance en visio, avec partage d\u2019\u00e9cran, vous permet d\u2019avancer efficacement gr\u00e2ce \u00e0 des conseils personnalis\u00e9s et directement applicables.<\/p>\t\t\t\t\t\t\t\t<\/div>\n\t\t\t\t<\/div>\n\t\t\t\t<\/div>\n\t\t\t\t\t<\/div>\n\t\t\t\t<\/div>\n\t\t<div class=\"elementor-element elementor-element-196702ac elementor-hidden-desktop elementor-hidden-tablet elementor-hidden-mobile e-flex e-con-boxed wpr-particle-no wpr-jarallax-no wpr-parallax-no wpr-sticky-section-no e-con e-parent\" data-id=\"196702ac\" data-element_type=\"container\">\n\t\t\t\t\t<div class=\"e-con-inner\">\n\t\t\t\t<div class=\"elementor-element elementor-element-69d3692d elementor-widget elementor-widget-text-editor\" data-id=\"69d3692d\" data-element_type=\"widget\" data-widget_type=\"text-editor.default\">\n\t\t\t\t<div class=\"elementor-widget-container\">\n\t\t\t\t\t\t\t\t\t<p>Duis curae consectetur molestie hac vehicula. Interdum tristique mattis non si natoque facilisis consequat nec. Proin aenean velit accumsan magnis risus tempor a venenatis. Himenaeos quisque tincidunt penatibus venenatis ex magnis felis. Erat nisi porta massa pellentesque himenaeos nam non donec. Semper sapien risus posuere vitae integer ante neque habitasse scelerisque odio. Ullamcorper mollis praesent curae nascetur congue velit vestibulum ex class semper sagittis.<\/p>\t\t\t\t\t\t\t\t<\/div>\n\t\t\t\t<\/div>\n\t\t\t\t\t<\/div>\n\t\t\t\t<\/div>\n\t\t\t\t<\/div>\n\t\t","protected":false},"excerpt":{"rendered":"<p>Un accompagnement sur-mesure pour progresser rapidement, d\u00e9bloquer vos points bloquants et atteindre vos objectifs.<\/p>\n","protected":false},"featured_media":11045,"comment_status":"open","ping_status":"closed","template":"","meta":{"pmpro_default_level":"","_links_to":"","_links_to_target":""},"product_brand":[],"product_cat":[124],"product_tag":[],"mwb_booking_cost":[],"mwb_booking_service":[],"event_category":[],"class_list":{"0":"post-6121","1":"product","2":"type-product","3":"status-publish","4":"has-post-thumbnail","6":"product_cat-booking","7":"pmpro-has-access","9":"first","10":"instock","11":"virtual","12":"purchasable","13":"product-type-mwb_booking"},"_links":{"self":[{"href":"https:\/\/data-training.fr\/lateststagingsite\/wp-json\/wp\/v2\/product\/6121","targetHints":{"allow":["GET"]}}],"collection":[{"href":"https:\/\/data-training.fr\/lateststagingsite\/wp-json\/wp\/v2\/product"}],"about":[{"href":"https:\/\/data-training.fr\/lateststagingsite\/wp-json\/wp\/v2\/types\/product"}],"replies":[{"embeddable":true,"href":"https:\/\/data-training.fr\/lateststagingsite\/wp-json\/wp\/v2\/comments?post=6121"}],"version-history":[{"count":9,"href":"https:\/\/data-training.fr\/lateststagingsite\/wp-json\/wp\/v2\/product\/6121\/revisions"}],"predecessor-version":[{"id":14084,"href":"https:\/\/data-training.fr\/lateststagingsite\/wp-json\/wp\/v2\/product\/6121\/revisions\/14084"}],"wp:featuredmedia":[{"embeddable":true,"href":"https:\/\/data-training.fr\/lateststagingsite\/wp-json\/wp\/v2\/media\/11045"}],"wp:attachment":[{"href":"https:\/\/data-training.fr\/lateststagingsite\/wp-json\/wp\/v2\/media?parent=6121"}],"wp:term":[{"taxonomy":"product_brand","embeddable":true,"href":"https:\/\/data-training.fr\/lateststagingsite\/wp-json\/wp\/v2\/product_brand?post=6121"},{"taxonomy":"product_cat","embeddable":true,"href":"https:\/\/data-training.fr\/lateststagingsite\/wp-json\/wp\/v2\/product_cat?post=6121"},{"taxonomy":"product_tag","embeddable":true,"href":"https:\/\/data-training.fr\/lateststagingsite\/wp-json\/wp\/v2\/product_tag?post=6121"},{"taxonomy":"mwb_booking_cost","embeddable":true,"href":"https:\/\/data-training.fr\/lateststagingsite\/wp-json\/wp\/v2\/mwb_booking_cost?post=6121"},{"taxonomy":"mwb_booking_service","embeddable":true,"href":"https:\/\/data-training.fr\/lateststagingsite\/wp-json\/wp\/v2\/mwb_booking_service?post=6121"},{"taxonomy":"event_category","embeddable":true,"href":"https:\/\/data-training.fr\/lateststagingsite\/wp-json\/wp\/v2\/event_category?post=6121"}],"curies":[{"name":"wp","href":"https:\/\/api.w.org\/{rel}","templated":true}]}}