{"id":1559,"date":"2024-01-21T00:08:33","date_gmt":"2024-01-20T23:08:33","guid":{"rendered":"https:\/\/data-training.fr\/lateststagingsite\/?post_type=product&#038;p=1559"},"modified":"2025-08-06T05:46:24","modified_gmt":"2025-08-06T03:46:24","slug":"formation-power-bi","status":"publish","type":"product","link":"https:\/\/data-training.fr\/lateststagingsite\/produit\/formation-power-bi\/","title":{"rendered":"Formation Power BI Desktop"},"content":{"rendered":"<p>D\u00e9couvrez le monde puissant de l&rsquo;int\u00e9gration de donn\u00e9es avec notre formation en Talend. Apprenez \u00e0 collecter, transformer et charger des donn\u00e9es provenant de sources vari\u00e9es pour cr\u00e9er des flux de travail fluides. Acqu\u00e9rez les comp\u00e9tences pour manipuler efficacement les donn\u00e9es, automatiser les processus et assurer une int\u00e9grit\u00e9 des donn\u00e9es optimale.<\/p>\n","protected":false},"excerpt":{"rendered":"<p>D\u00e9couvrez le monde puissant de l&rsquo;int\u00e9gration de donn\u00e9es avec notre formation en Talend. Apprenez \u00e0 collecter, transformer et charger des donn\u00e9es provenant de sources vari\u00e9es pour cr\u00e9er des flux de travail fluides. Acqu\u00e9rez les comp\u00e9tences pour manipuler efficacement les donn\u00e9es, automatiser les processus et assurer une int\u00e9grit\u00e9 des donn\u00e9es optimale.<\/p>\n","protected":false},"featured_media":4954,"comment_status":"open","ping_status":"closed","template":"","meta":{"pmpro_default_level":"","_links_to":"","_links_to_target":""},"product_brand":[],"product_cat":[25],"product_tag":[],"mwb_booking_cost":[],"mwb_booking_service":[],"event_category":[],"class_list":{"0":"post-1559","1":"product","2":"type-product","3":"status-publish","4":"has-post-thumbnail","6":"product_cat-non-classe","7":"pmpro-has-access","9":"first","10":"instock","11":"virtual","12":"sold-individually","13":"purchasable","14":"product-type-simple"},"_links":{"self":[{"href":"https:\/\/data-training.fr\/lateststagingsite\/wp-json\/wp\/v2\/product\/1559","targetHints":{"allow":["GET"]}}],"collection":[{"href":"https:\/\/data-training.fr\/lateststagingsite\/wp-json\/wp\/v2\/product"}],"about":[{"href":"https:\/\/data-training.fr\/lateststagingsite\/wp-json\/wp\/v2\/types\/product"}],"replies":[{"embeddable":true,"href":"https:\/\/data-training.fr\/lateststagingsite\/wp-json\/wp\/v2\/comments?post=1559"}],"version-history":[{"count":1,"href":"https:\/\/data-training.fr\/lateststagingsite\/wp-json\/wp\/v2\/product\/1559\/revisions"}],"predecessor-version":[{"id":14103,"href":"https:\/\/data-training.fr\/lateststagingsite\/wp-json\/wp\/v2\/product\/1559\/revisions\/14103"}],"wp:featuredmedia":[{"embeddable":true,"href":"https:\/\/data-training.fr\/lateststagingsite\/wp-json\/wp\/v2\/media\/4954"}],"wp:attachment":[{"href":"https:\/\/data-training.fr\/lateststagingsite\/wp-json\/wp\/v2\/media?parent=1559"}],"wp:term":[{"taxonomy":"product_brand","embeddable":true,"href":"https:\/\/data-training.fr\/lateststagingsite\/wp-json\/wp\/v2\/product_brand?post=1559"},{"taxonomy":"product_cat","embeddable":true,"href":"https:\/\/data-training.fr\/lateststagingsite\/wp-json\/wp\/v2\/product_cat?post=1559"},{"taxonomy":"product_tag","embeddable":true,"href":"https:\/\/data-training.fr\/lateststagingsite\/wp-json\/wp\/v2\/product_tag?post=1559"},{"taxonomy":"mwb_booking_cost","embeddable":true,"href":"https:\/\/data-training.fr\/lateststagingsite\/wp-json\/wp\/v2\/mwb_booking_cost?post=1559"},{"taxonomy":"mwb_booking_service","embeddable":true,"href":"https:\/\/data-training.fr\/lateststagingsite\/wp-json\/wp\/v2\/mwb_booking_service?post=1559"},{"taxonomy":"event_category","embeddable":true,"href":"https:\/\/data-training.fr\/lateststagingsite\/wp-json\/wp\/v2\/event_category?post=1559"}],"curies":[{"name":"wp","href":"https:\/\/api.w.org\/{rel}","templated":true}]}}