{"id":10964,"date":"2025-06-23T13:28:56","date_gmt":"2025-06-23T11:28:56","guid":{"rendered":"https:\/\/data-training.fr\/lateststagingsite\/?post_type=product&#038;p=10964"},"modified":"2025-08-19T15:25:34","modified_gmt":"2025-08-19T13:25:34","slug":"quizz-complet-preparation-pl-300","status":"publish","type":"product","link":"https:\/\/data-training.fr\/lateststagingsite\/produit\/quizz-complet-preparation-pl-300\/","title":{"rendered":"Quizz Complet Pr\u00e9paration PL-300"},"content":{"rendered":"<div>\n<p>&nbsp;<\/p>\n<p>Ce module payant contient un examen blanc complet pour vous entra\u00eener efficacement \u00e0 la<br \/>\ncertification <strong>Microsoft PL-300 : Power BI Data Analyst Associate<\/strong>.<br \/>\nIl est d\u00e9coup\u00e9 en 4 parties.<\/p>\n<p><strong>Objectifs<\/strong><br \/>\n\u2022 S\u2019\u00e9valuer dans les conditions de l\u2019examen r\u00e9el<br \/>\n\u2022 Identifier les axes de progression<br \/>\n\u2022 Renforcer sa confiance avant le passage de l\u2019examen<\/p>\n<p><strong> Contenu<\/strong><br \/>\n\u2022 250+ questions types PL-300<br \/>\n\u2022 Corrig\u00e9s d\u00e9taill\u00e9s<br \/>\n\u2022 Acc\u00e8s illimit\u00e9<\/p>\n<\/div>\n","protected":false},"excerpt":{"rendered":"<p><strong>Cours inclus :<\/strong><\/p>\n<ol>\n<li>EXAMEN PL300 &#8211; Page 1-10<\/li>\n<li>EXAMEN PL300 &#8211; Page 11-14<\/li>\n<li>EXAMEN PL300 &#8211; Page 15-20<\/li>\n<li>EXAMEN PL300 &#8211; Page 21-34<\/li>\n<\/ol>\n","protected":false},"featured_media":4060,"comment_status":"open","ping_status":"closed","template":"","meta":{"pmpro_default_level":"","_links_to":"","_links_to_target":""},"product_brand":[],"product_cat":[127],"product_tag":[],"mwb_booking_cost":[],"mwb_booking_service":[],"event_category":[],"class_list":{"0":"post-10964","1":"product","2":"type-product","3":"status-publish","4":"has-post-thumbnail","6":"product_cat-moodle","7":"pmpro-has-access","9":"first","10":"instock","11":"virtual","12":"purchasable","13":"product-type-simple"},"_links":{"self":[{"href":"https:\/\/data-training.fr\/lateststagingsite\/wp-json\/wp\/v2\/product\/10964","targetHints":{"allow":["GET"]}}],"collection":[{"href":"https:\/\/data-training.fr\/lateststagingsite\/wp-json\/wp\/v2\/product"}],"about":[{"href":"https:\/\/data-training.fr\/lateststagingsite\/wp-json\/wp\/v2\/types\/product"}],"replies":[{"embeddable":true,"href":"https:\/\/data-training.fr\/lateststagingsite\/wp-json\/wp\/v2\/comments?post=10964"}],"version-history":[{"count":6,"href":"https:\/\/data-training.fr\/lateststagingsite\/wp-json\/wp\/v2\/product\/10964\/revisions"}],"predecessor-version":[{"id":13746,"href":"https:\/\/data-training.fr\/lateststagingsite\/wp-json\/wp\/v2\/product\/10964\/revisions\/13746"}],"wp:featuredmedia":[{"embeddable":true,"href":"https:\/\/data-training.fr\/lateststagingsite\/wp-json\/wp\/v2\/media\/4060"}],"wp:attachment":[{"href":"https:\/\/data-training.fr\/lateststagingsite\/wp-json\/wp\/v2\/media?parent=10964"}],"wp:term":[{"taxonomy":"product_brand","embeddable":true,"href":"https:\/\/data-training.fr\/lateststagingsite\/wp-json\/wp\/v2\/product_brand?post=10964"},{"taxonomy":"product_cat","embeddable":true,"href":"https:\/\/data-training.fr\/lateststagingsite\/wp-json\/wp\/v2\/product_cat?post=10964"},{"taxonomy":"product_tag","embeddable":true,"href":"https:\/\/data-training.fr\/lateststagingsite\/wp-json\/wp\/v2\/product_tag?post=10964"},{"taxonomy":"mwb_booking_cost","embeddable":true,"href":"https:\/\/data-training.fr\/lateststagingsite\/wp-json\/wp\/v2\/mwb_booking_cost?post=10964"},{"taxonomy":"mwb_booking_service","embeddable":true,"href":"https:\/\/data-training.fr\/lateststagingsite\/wp-json\/wp\/v2\/mwb_booking_service?post=10964"},{"taxonomy":"event_category","embeddable":true,"href":"https:\/\/data-training.fr\/lateststagingsite\/wp-json\/wp\/v2\/event_category?post=10964"}],"curies":[{"name":"wp","href":"https:\/\/api.w.org\/{rel}","templated":true}]}}