{"id":10912,"date":"2025-06-23T11:58:57","date_gmt":"2025-06-23T09:58:57","guid":{"rendered":"https:\/\/data-training.fr\/lateststagingsite\/?post_type=product&#038;p=10912"},"modified":"2025-08-04T17:29:47","modified_gmt":"2025-08-04T15:29:47","slug":"quizz-pl-300-gratuits","status":"publish","type":"product","link":"https:\/\/data-training.fr\/lateststagingsite\/produit\/quizz-pl-300-gratuits\/","title":{"rendered":"Quizz PL 300 Gratuits"},"content":{"rendered":"<p>&nbsp;<\/p>\n<p>Ce module gratuit vous permet de tester vos connaissances avant de passer la certification<br \/>\n<strong>PL-300 : Microsoft Power BI Data Analyst Associate.<\/strong><br \/>\nVous y trouverez deux quiz pratiques couvrant les th\u00e9matiques cl\u00e9s de l\u2019examen officiel :<\/p>\n<p><strong>1. Quiz 1 \u2013 Pr\u00e9paration \u00e0 la Certification<\/strong><br \/>\n\u00c9valuez vos comp\u00e9tences sur la pr\u00e9paration, la mod\u00e9lisation et la visualisation des<br \/>\ndonn\u00e9es avec Power BI.<\/p>\n<p><strong>2. Quiz 2 \u2013 D\u00e9ployer et Maintenir les Actifs<\/strong><br \/>\nTestez vos connaissances sur la publication, la s\u00e9curit\u00e9 des donn\u00e9es et la gestion des<br \/>\nrapports dans Power BI Service.<br \/>\nChaque quiz contient une s\u00e9rie de questions \u00e0 choix multiples similaires \u00e0 celles de l&rsquo;examen<br \/>\nofficiel, accompagn\u00e9es de corrections d\u00e9taill\u00e9es.<\/p>\n<p><strong>Contenu<\/strong><br \/>\n\u2022 250+ questions types PL-300<br \/>\n\u2022 Corrig\u00e9s d\u00e9taill\u00e9s<br \/>\n\u2022 Acc\u00e8s illimit\u00e9<\/p>\n<p><strong>Objectif :<\/strong><br \/>\nVous auto-\u00e9valuer, identifier vos points faibles, et renforcer votre<br \/>\npr\u00e9paration \u00e0 la certification.<\/p>\n","protected":false},"excerpt":{"rendered":"<p><strong>Cours inclus : <\/strong><\/p>\n<ol>\n<li>Quizz 1 Pr\u00e9paration \u00e0 la Certification<\/li>\n<li>Quizz 2 D\u00e9ployer et Maintenir les Actifs<\/li>\n<\/ol>\n","protected":false},"featured_media":4060,"comment_status":"open","ping_status":"closed","template":"","meta":{"pmpro_default_level":"","_links_to":"","_links_to_target":""},"product_brand":[],"product_cat":[127],"product_tag":[],"mwb_booking_cost":[],"mwb_booking_service":[],"event_category":[],"class_list":{"0":"post-10912","1":"product","2":"type-product","3":"status-publish","4":"has-post-thumbnail","6":"product_cat-moodle","7":"pmpro-has-access","9":"first","10":"instock","11":"virtual","12":"purchasable","13":"product-type-simple"},"_links":{"self":[{"href":"https:\/\/data-training.fr\/lateststagingsite\/wp-json\/wp\/v2\/product\/10912","targetHints":{"allow":["GET"]}}],"collection":[{"href":"https:\/\/data-training.fr\/lateststagingsite\/wp-json\/wp\/v2\/product"}],"about":[{"href":"https:\/\/data-training.fr\/lateststagingsite\/wp-json\/wp\/v2\/types\/product"}],"replies":[{"embeddable":true,"href":"https:\/\/data-training.fr\/lateststagingsite\/wp-json\/wp\/v2\/comments?post=10912"}],"version-history":[{"count":9,"href":"https:\/\/data-training.fr\/lateststagingsite\/wp-json\/wp\/v2\/product\/10912\/revisions"}],"predecessor-version":[{"id":13745,"href":"https:\/\/data-training.fr\/lateststagingsite\/wp-json\/wp\/v2\/product\/10912\/revisions\/13745"}],"wp:featuredmedia":[{"embeddable":true,"href":"https:\/\/data-training.fr\/lateststagingsite\/wp-json\/wp\/v2\/media\/4060"}],"wp:attachment":[{"href":"https:\/\/data-training.fr\/lateststagingsite\/wp-json\/wp\/v2\/media?parent=10912"}],"wp:term":[{"taxonomy":"product_brand","embeddable":true,"href":"https:\/\/data-training.fr\/lateststagingsite\/wp-json\/wp\/v2\/product_brand?post=10912"},{"taxonomy":"product_cat","embeddable":true,"href":"https:\/\/data-training.fr\/lateststagingsite\/wp-json\/wp\/v2\/product_cat?post=10912"},{"taxonomy":"product_tag","embeddable":true,"href":"https:\/\/data-training.fr\/lateststagingsite\/wp-json\/wp\/v2\/product_tag?post=10912"},{"taxonomy":"mwb_booking_cost","embeddable":true,"href":"https:\/\/data-training.fr\/lateststagingsite\/wp-json\/wp\/v2\/mwb_booking_cost?post=10912"},{"taxonomy":"mwb_booking_service","embeddable":true,"href":"https:\/\/data-training.fr\/lateststagingsite\/wp-json\/wp\/v2\/mwb_booking_service?post=10912"},{"taxonomy":"event_category","embeddable":true,"href":"https:\/\/data-training.fr\/lateststagingsite\/wp-json\/wp\/v2\/event_category?post=10912"}],"curies":[{"name":"wp","href":"https:\/\/api.w.org\/{rel}","templated":true}]}}