{"id":7963,"date":"2025-06-23T09:48:59","date_gmt":"2025-06-23T07:48:59","guid":{"rendered":"https:\/\/data-training.fr\/lateststagingsite\/?page_id=7963"},"modified":"2025-06-24T02:04:40","modified_gmt":"2025-06-24T00:04:40","slug":"mentions-legales","status":"publish","type":"page","link":"https:\/\/data-training.fr\/lateststagingsite\/mentions-legales\/","title":{"rendered":"Mentions l\u00e9gales"},"content":{"rendered":"\t\t<div data-elementor-type=\"wp-page\" data-elementor-id=\"7963\" class=\"elementor elementor-7963\" data-elementor-post-type=\"page\">\n\t\t\t\t\t\t<section class=\"elementor-section elementor-top-section elementor-element elementor-element-aa1f43b elementor-section-boxed elementor-section-height-default elementor-section-height-default wpr-particle-no wpr-jarallax-no wpr-parallax-no wpr-sticky-section-no\" data-id=\"aa1f43b\" data-element_type=\"section\" data-settings=\"{&quot;background_background&quot;:&quot;classic&quot;}\">\n\t\t\t\t\t\t\t<div class=\"elementor-background-overlay\"><\/div>\n\t\t\t\t\t\t\t<div class=\"elementor-container elementor-column-gap-default\">\n\t\t\t\t\t<div class=\"elementor-column elementor-col-100 elementor-top-column elementor-element elementor-element-9f674ae\" data-id=\"9f674ae\" data-element_type=\"column\">\n\t\t\t<div class=\"elementor-widget-wrap elementor-element-populated\">\n\t\t\t\t\t\t<section class=\"elementor-section elementor-inner-section elementor-element elementor-element-c2d0b7e elementor-section-full_width elementor-section-height-default elementor-section-height-default wpr-particle-no wpr-jarallax-no wpr-parallax-no wpr-sticky-section-no\" data-id=\"c2d0b7e\" data-element_type=\"section\">\n\t\t\t\t\t\t<div class=\"elementor-container elementor-column-gap-default\">\n\t\t\t\t\t<div class=\"elementor-column elementor-col-50 elementor-inner-column elementor-element elementor-element-ef73ff6\" data-id=\"ef73ff6\" data-element_type=\"column\">\n\t\t\t<div class=\"elementor-widget-wrap elementor-element-populated\">\n\t\t\t\t\t\t\t<\/div>\n\t\t<\/div>\n\t\t\t\t<div class=\"elementor-column elementor-col-50 elementor-inner-column elementor-element elementor-element-1c831cb\" data-id=\"1c831cb\" data-element_type=\"column\">\n\t\t\t<div class=\"elementor-widget-wrap elementor-element-populated\">\n\t\t\t\t\t\t<div class=\"elementor-element elementor-element-09c5477 elementor-icon-list--layout-inline elementor-widget__width-auto elementor-list-item-link-full_width elementor-widget elementor-widget-icon-list\" data-id=\"09c5477\" data-element_type=\"widget\" data-widget_type=\"icon-list.default\">\n\t\t\t\t<div class=\"elementor-widget-container\">\n\t\t\t\t\t\t\t<ul class=\"elementor-icon-list-items elementor-inline-items\">\n\t\t\t\t\t\t\t<li class=\"elementor-icon-list-item elementor-inline-item\">\n\t\t\t\t\t\t\t\t\t\t\t<a href=\"https:\/\/data-training.fr\/lateststagingsite\">\n\n\t\t\t\t\t\t\t\t\t\t\t<span class=\"elementor-icon-list-text\">Accueil<\/span>\n\t\t\t\t\t\t\t\t\t\t\t<\/a>\n\t\t\t\t\t\t\t\t\t<\/li>\n\t\t\t\t\t\t<\/ul>\n\t\t\t\t\t\t<\/div>\n\t\t\t\t<\/div>\n\t\t\t\t<div class=\"elementor-element elementor-element-b0d1234 elementor-icon-list--layout-inline elementor-widget__width-auto elementor-list-item-link-full_width elementor-widget elementor-widget-icon-list\" data-id=\"b0d1234\" data-element_type=\"widget\" data-widget_type=\"icon-list.default\">\n\t\t\t\t<div class=\"elementor-widget-container\">\n\t\t\t\t\t\t\t<ul class=\"elementor-icon-list-items elementor-inline-items\">\n\t\t\t\t\t\t\t<li class=\"elementor-icon-list-item elementor-inline-item\">\n\t\t\t\t\t\t\t\t\t\t\t<a href=\"https:\/\/data-training.fr\/lateststagingsite\/mentions-legales\/\">\n\n\t\t\t\t\t\t\t\t\t\t\t\t<span class=\"elementor-icon-list-icon\">\n\t\t\t\t\t\t\t<svg aria-hidden=\"true\" class=\"e-font-icon-svg e-fas-angle-right\" viewBox=\"0 0 256 512\" xmlns=\"http:\/\/www.w3.org\/2000\/svg\"><path d=\"M224.3 273l-136 136c-9.4 9.4-24.6 9.4-33.9 0l-22.6-22.6c-9.4-9.4-9.4-24.6 0-33.9l96.4-96.4-96.4-96.4c-9.4-9.4-9.4-24.6 0-33.9L54.3 103c9.4-9.4 24.6-9.4 33.9 0l136 136c9.5 9.4 9.5 24.6.1 34z\"><\/path><\/svg>\t\t\t\t\t\t<\/span>\n\t\t\t\t\t\t\t\t\t\t<span class=\"elementor-icon-list-text\"><\/span>\n\t\t\t\t\t\t\t\t\t\t\t<\/a>\n\t\t\t\t\t\t\t\t\t<\/li>\n\t\t\t\t\t\t<\/ul>\n\t\t\t\t\t\t<\/div>\n\t\t\t\t<\/div>\n\t\t\t\t\t<\/div>\n\t\t<\/div>\n\t\t\t\t\t<\/div>\n\t\t<\/section>\n\t\t\t\t\t<\/div>\n\t\t<\/div>\n\t\t\t\t\t<\/div>\n\t\t<\/section>\n\t\t<div class=\"elementor-element elementor-element-417c53da e-flex e-con-boxed wpr-particle-no wpr-jarallax-no wpr-parallax-no wpr-sticky-section-no e-con e-parent\" data-id=\"417c53da\" data-element_type=\"container\">\n\t\t\t\t\t<div class=\"e-con-inner\">\n\t\t\t\t<div class=\"elementor-element elementor-element-55be7d06 elementor-widget elementor-widget-text-editor\" data-id=\"55be7d06\" data-element_type=\"widget\" data-widget_type=\"text-editor.default\">\n\t\t\t\t<div class=\"elementor-widget-container\">\n\t\t\t\t\t\t\t\t\t\n<p><\/p>\n\n\n\n<h2 class=\"wp-block-heading\">\ud83d\udcc4 Mentions l\u00e9gales<\/h2>\n\n\n\n<h3 class=\"wp-block-heading\">\u00c9diteur du site<\/h3>\n\n\n\n<p><strong>Nom du site<\/strong> : Data-Training<br><strong>URL<\/strong> : <a class=\"\" href=\"https:\/\/data-training.fr\">https:\/\/data-training.fr<\/a><br><strong>Responsable de la publication<\/strong> : [Nom et Pr\u00e9nom ou Raison Sociale]<br><strong>Statut juridique<\/strong> : [Auto-entrepreneur \/ SAS \/ SARL \/ Association, etc.]<br><strong>SIRET<\/strong> : [Num\u00e9ro SIRET]<br><strong>Adresse du si\u00e8ge social<\/strong> : [Adresse compl\u00e8te]<br><strong>T\u00e9l\u00e9phone<\/strong> : [Num\u00e9ro de t\u00e9l\u00e9phone]<br><strong>Email<\/strong> : [Adresse email de contact officielle]<br><strong>Num\u00e9ro TVA intracommunautaire<\/strong> : [Si applicable]<\/p>\n\n\n\n<hr class=\"wp-block-separator has-alpha-channel-opacity\"\/>\n\n\n\n<h3 class=\"wp-block-heading\">H\u00e9bergement<\/h3>\n\n\n\n<p><strong>H\u00e9bergeur<\/strong> :<br>[Nom de l\u2019h\u00e9bergeur (ex. : o2switch, OVH, IONOS&#8230;)]<br>Adresse : [Adresse compl\u00e8te de l\u2019h\u00e9bergeur]<br>T\u00e9l\u00e9phone : [Num\u00e9ro de t\u00e9l\u00e9phone de l\u2019h\u00e9bergeur]<br>Site web : [URL de l\u2019h\u00e9bergeur]<\/p>\n\n\n\n<hr class=\"wp-block-separator has-alpha-channel-opacity\"\/>\n\n\n\n<h3 class=\"wp-block-heading\">Conception &amp; D\u00e9veloppement<\/h3>\n\n\n\n<p><strong>Webdesign &amp; D\u00e9veloppement<\/strong> :<br>[Nom ou soci\u00e9t\u00e9 responsable de la cr\u00e9ation du site]<br>Email : [Adresse e-mail]<br>Site : [URL du d\u00e9veloppeur ou de l\u2019agence, si souhait\u00e9]<\/p>\n\n\n\n<hr class=\"wp-block-separator has-alpha-channel-opacity\"\/>\n\n\n\n<h3 class=\"wp-block-heading\">Propri\u00e9t\u00e9 intellectuelle<\/h3>\n\n\n\n<p>Le site <strong>data-training.fr<\/strong> ainsi que tous ses contenus (textes, images, vid\u00e9os, formations, graphismes, logo, charte graphique, etc.) sont prot\u00e9g\u00e9s par les lois fran\u00e7aises et internationales relatives \u00e0 la propri\u00e9t\u00e9 intellectuelle.<br>Toute reproduction, repr\u00e9sentation, modification, publication, transmission, ou d\u00e9naturation, totale ou partielle, du site ou de son contenu est interdite sans autorisation pr\u00e9alable \u00e9crite de l\u2019\u00e9diteur.<\/p>\n\n\n\n<hr class=\"wp-block-separator has-alpha-channel-opacity\"\/>\n\n\n\n<h3 class=\"wp-block-heading\">Donn\u00e9es personnelles<\/h3>\n\n\n\n<p>Le site peut collecter des donn\u00e9es personnelles dans le cadre de formulaires de contact, d\u2019inscriptions \u00e0 des formations ou \u00e0 une newsletter.<br>Pour plus d\u2019informations, veuillez consulter notre <a class=\"\" href=\"#lien-vers-la-page\">Politique de confidentialit\u00e9<\/a>.<\/p>\n\n\n\n<hr class=\"wp-block-separator has-alpha-channel-opacity\"\/>\n\n\n\n<h3 class=\"wp-block-heading\">Cookies<\/h3>\n\n\n\n<p>Le site utilise des cookies pour am\u00e9liorer l\u2019exp\u00e9rience utilisateur et collecter des statistiques de visite.<br>Un bandeau vous permet de les accepter ou de les refuser lors de votre premi\u00e8re visite. Pour en savoir plus, consultez notre <a class=\"\" href=\"#\">politique de cookies<\/a>.<\/p>\n\n\n\n<hr class=\"wp-block-separator has-alpha-channel-opacity\"\/>\n\n\n\n<h3 class=\"wp-block-heading\">Responsabilit\u00e9<\/h3>\n\n\n\n<p>L\u2019\u00e9diteur du site s\u2019efforce d\u2019assurer l\u2019exactitude des informations publi\u00e9es. Toutefois, il ne saurait \u00eatre tenu responsable d\u2019\u00e9ventuelles erreurs, omissions ou indisponibilit\u00e9s temporaires du contenu.<br>Les liens externes pr\u00e9sents sur le site ne sauraient engager la responsabilit\u00e9 de l\u2019\u00e9diteur quant \u00e0 leur contenu.<\/p>\n\n\n\n<hr class=\"wp-block-separator has-alpha-channel-opacity\"\/>\n\n\n\n<h3 class=\"wp-block-heading\">Loi applicable<\/h3>\n\n\n\n<p>Les pr\u00e9sentes mentions l\u00e9gales sont soumises au droit fran\u00e7ais.<br>En cas de litige, les tribunaux fran\u00e7ais seront seuls comp\u00e9tents.<\/p>\n\t\t\t\t\t\t\t\t<\/div>\n\t\t\t\t<\/div>\n\t\t\t\t\t<\/div>\n\t\t\t\t<\/div>\n\t\t\t\t<\/div>\n\t\t","protected":false},"excerpt":{"rendered":"<p>Accueil \ud83d\udcc4 Mentions l\u00e9gales \u00c9diteur du site Nom du site : Data-TrainingURL : https:\/\/data-training.frResponsable de la publication : [Nom et Pr\u00e9nom ou Raison Sociale]Statut juridique : [Auto-entrepreneur \/ SAS \/ SARL \/ Association, etc.]SIRET : [Num\u00e9ro SIRET]Adresse du si\u00e8ge social : [Adresse compl\u00e8te]T\u00e9l\u00e9phone : [Num\u00e9ro de t\u00e9l\u00e9phone]Email : [Adresse email de contact officielle]Num\u00e9ro TVA intracommunautaire : [Si applicable] H\u00e9bergement H\u00e9bergeur :[Nom de l\u2019h\u00e9bergeur (ex. : o2switch, OVH, IONOS&#8230;)]Adresse : [Adresse compl\u00e8te de l\u2019h\u00e9bergeur]T\u00e9l\u00e9phone : [Num\u00e9ro de t\u00e9l\u00e9phone de l\u2019h\u00e9bergeur]Site web : [URL de l\u2019h\u00e9bergeur] Conception &amp; D\u00e9veloppement Webdesign &amp; D\u00e9veloppement :[Nom ou soci\u00e9t\u00e9 responsable de la cr\u00e9ation du site]Email : [Adresse e-mail]Site : [URL du d\u00e9veloppeur ou de l\u2019agence, si souhait\u00e9] Propri\u00e9t\u00e9 intellectuelle Le site data-training.fr ainsi que tous ses contenus (textes, images, vid\u00e9os, formations, graphismes, logo, charte graphique, etc.) sont prot\u00e9g\u00e9s par les lois fran\u00e7aises et internationales relatives \u00e0 la propri\u00e9t\u00e9 intellectuelle.Toute reproduction, repr\u00e9sentation, modification, publication, transmission, ou d\u00e9naturation, totale ou partielle, du site ou de son contenu est interdite sans autorisation pr\u00e9alable \u00e9crite de l\u2019\u00e9diteur. Donn\u00e9es personnelles Le site peut collecter des donn\u00e9es personnelles dans le cadre de formulaires de contact, d\u2019inscriptions \u00e0 des formations ou \u00e0 une newsletter.Pour plus d\u2019informations, veuillez consulter notre Politique de confidentialit\u00e9. Cookies Le site utilise des cookies pour am\u00e9liorer l\u2019exp\u00e9rience utilisateur et collecter des statistiques de visite.Un bandeau vous permet de les accepter ou de les refuser lors de votre premi\u00e8re visite. Pour en savoir plus, consultez notre politique de cookies. Responsabilit\u00e9 L\u2019\u00e9diteur du site s\u2019efforce d\u2019assurer l\u2019exactitude des informations publi\u00e9es. Toutefois, il ne saurait \u00eatre tenu responsable d\u2019\u00e9ventuelles erreurs, omissions ou indisponibilit\u00e9s temporaires du contenu.Les liens externes pr\u00e9sents sur le site ne sauraient engager la responsabilit\u00e9 de l\u2019\u00e9diteur quant \u00e0 leur contenu. Loi applicable Les pr\u00e9sentes mentions l\u00e9gales sont soumises au droit fran\u00e7ais.En cas de litige, les tribunaux fran\u00e7ais seront seuls comp\u00e9tents.<\/p>\n","protected":false},"author":15,"featured_media":0,"parent":0,"menu_order":0,"comment_status":"closed","ping_status":"closed","template":"","meta":{"pmpro_default_level":"","footnotes":"","_links_to":"","_links_to_target":""},"class_list":["post-7963","page","type-page","status-publish","hentry","pmpro-has-access"],"_links":{"self":[{"href":"https:\/\/data-training.fr\/lateststagingsite\/wp-json\/wp\/v2\/pages\/7963","targetHints":{"allow":["GET"]}}],"collection":[{"href":"https:\/\/data-training.fr\/lateststagingsite\/wp-json\/wp\/v2\/pages"}],"about":[{"href":"https:\/\/data-training.fr\/lateststagingsite\/wp-json\/wp\/v2\/types\/page"}],"author":[{"embeddable":true,"href":"https:\/\/data-training.fr\/lateststagingsite\/wp-json\/wp\/v2\/users\/15"}],"replies":[{"embeddable":true,"href":"https:\/\/data-training.fr\/lateststagingsite\/wp-json\/wp\/v2\/comments?post=7963"}],"version-history":[{"count":4,"href":"https:\/\/data-training.fr\/lateststagingsite\/wp-json\/wp\/v2\/pages\/7963\/revisions"}],"predecessor-version":[{"id":11166,"href":"https:\/\/data-training.fr\/lateststagingsite\/wp-json\/wp\/v2\/pages\/7963\/revisions\/11166"}],"wp:attachment":[{"href":"https:\/\/data-training.fr\/lateststagingsite\/wp-json\/wp\/v2\/media?parent=7963"}],"curies":[{"name":"wp","href":"https:\/\/api.w.org\/{rel}","templated":true}]}}