{"id":5569,"date":"2025-06-23T09:49:09","date_gmt":"2025-06-23T07:49:09","guid":{"rendered":"https:\/\/data-training.fr\/lateststagingsite\/?page_id=5569"},"modified":"2025-06-24T02:05:11","modified_gmt":"2025-06-24T00:05:11","slug":"conditions-dutilisation","status":"publish","type":"page","link":"https:\/\/data-training.fr\/lateststagingsite\/conditions-dutilisation\/","title":{"rendered":"Conditions-d&rsquo;utilisation"},"content":{"rendered":"\t\t<div data-elementor-type=\"wp-page\" data-elementor-id=\"5569\" class=\"elementor elementor-5569\" data-elementor-post-type=\"page\">\n\t\t\t\t\t\t<section class=\"elementor-section elementor-top-section elementor-element elementor-element-727bece elementor-section-boxed elementor-section-height-default elementor-section-height-default wpr-particle-no wpr-jarallax-no wpr-parallax-no wpr-sticky-section-no\" data-id=\"727bece\" data-element_type=\"section\" data-settings=\"{&quot;background_background&quot;:&quot;classic&quot;}\">\n\t\t\t\t\t\t\t<div class=\"elementor-background-overlay\"><\/div>\n\t\t\t\t\t\t\t<div class=\"elementor-container elementor-column-gap-default\">\n\t\t\t\t\t<div class=\"elementor-column elementor-col-100 elementor-top-column elementor-element elementor-element-304ba1a\" data-id=\"304ba1a\" data-element_type=\"column\">\n\t\t\t<div class=\"elementor-widget-wrap elementor-element-populated\">\n\t\t\t\t\t\t<section class=\"elementor-section elementor-inner-section elementor-element elementor-element-d0c34f2 elementor-section-full_width elementor-section-height-default elementor-section-height-default wpr-particle-no wpr-jarallax-no wpr-parallax-no wpr-sticky-section-no\" data-id=\"d0c34f2\" data-element_type=\"section\">\n\t\t\t\t\t\t<div class=\"elementor-container elementor-column-gap-default\">\n\t\t\t\t\t<div class=\"elementor-column elementor-col-50 elementor-inner-column elementor-element elementor-element-bb3968b\" data-id=\"bb3968b\" data-element_type=\"column\">\n\t\t\t<div class=\"elementor-widget-wrap elementor-element-populated\">\n\t\t\t\t\t\t\t<\/div>\n\t\t<\/div>\n\t\t\t\t<div class=\"elementor-column elementor-col-50 elementor-inner-column elementor-element elementor-element-86d6069\" data-id=\"86d6069\" data-element_type=\"column\">\n\t\t\t<div class=\"elementor-widget-wrap elementor-element-populated\">\n\t\t\t\t\t\t<div class=\"elementor-element elementor-element-25119fa elementor-icon-list--layout-inline elementor-widget__width-auto elementor-list-item-link-full_width elementor-widget elementor-widget-icon-list\" data-id=\"25119fa\" data-element_type=\"widget\" data-widget_type=\"icon-list.default\">\n\t\t\t\t<div class=\"elementor-widget-container\">\n\t\t\t\t\t\t\t<ul class=\"elementor-icon-list-items elementor-inline-items\">\n\t\t\t\t\t\t\t<li class=\"elementor-icon-list-item elementor-inline-item\">\n\t\t\t\t\t\t\t\t\t\t\t<a href=\"https:\/\/data-training.fr\/lateststagingsite\">\n\n\t\t\t\t\t\t\t\t\t\t\t<span class=\"elementor-icon-list-text\">Accueil<\/span>\n\t\t\t\t\t\t\t\t\t\t\t<\/a>\n\t\t\t\t\t\t\t\t\t<\/li>\n\t\t\t\t\t\t<\/ul>\n\t\t\t\t\t\t<\/div>\n\t\t\t\t<\/div>\n\t\t\t\t<div class=\"elementor-element elementor-element-024a674 elementor-icon-list--layout-inline elementor-widget__width-auto elementor-list-item-link-full_width elementor-widget elementor-widget-icon-list\" data-id=\"024a674\" data-element_type=\"widget\" data-widget_type=\"icon-list.default\">\n\t\t\t\t<div class=\"elementor-widget-container\">\n\t\t\t\t\t\t\t<ul class=\"elementor-icon-list-items elementor-inline-items\">\n\t\t\t\t\t\t\t<li class=\"elementor-icon-list-item elementor-inline-item\">\n\t\t\t\t\t\t\t\t\t\t\t<a href=\"https:\/\/data-training.fr\/lateststagingsite\/conditions-dutilisation\/\">\n\n\t\t\t\t\t\t\t\t\t\t\t\t<span class=\"elementor-icon-list-icon\">\n\t\t\t\t\t\t\t<svg aria-hidden=\"true\" class=\"e-font-icon-svg e-fas-angle-right\" viewBox=\"0 0 256 512\" xmlns=\"http:\/\/www.w3.org\/2000\/svg\"><path d=\"M224.3 273l-136 136c-9.4 9.4-24.6 9.4-33.9 0l-22.6-22.6c-9.4-9.4-9.4-24.6 0-33.9l96.4-96.4-96.4-96.4c-9.4-9.4-9.4-24.6 0-33.9L54.3 103c9.4-9.4 24.6-9.4 33.9 0l136 136c9.5 9.4 9.5 24.6.1 34z\"><\/path><\/svg>\t\t\t\t\t\t<\/span>\n\t\t\t\t\t\t\t\t\t\t<span class=\"elementor-icon-list-text\"><\/span>\n\t\t\t\t\t\t\t\t\t\t\t<\/a>\n\t\t\t\t\t\t\t\t\t<\/li>\n\t\t\t\t\t\t<\/ul>\n\t\t\t\t\t\t<\/div>\n\t\t\t\t<\/div>\n\t\t\t\t\t<\/div>\n\t\t<\/div>\n\t\t\t\t\t<\/div>\n\t\t<\/section>\n\t\t\t\t\t<\/div>\n\t\t<\/div>\n\t\t\t\t\t<\/div>\n\t\t<\/section>\n\t\t<div class=\"elementor-element elementor-element-089ce9c e-flex e-con-boxed wpr-particle-no wpr-jarallax-no wpr-parallax-no wpr-sticky-section-no e-con e-parent\" data-id=\"089ce9c\" data-element_type=\"container\">\n\t\t\t\t\t<div class=\"e-con-inner\">\n\t\t\t\t<div class=\"elementor-element elementor-element-630d728 elementor-widget elementor-widget-text-editor\" data-id=\"630d728\" data-element_type=\"widget\" data-widget_type=\"text-editor.default\">\n\t\t\t\t<div class=\"elementor-widget-container\">\n\t\t\t\t\t\t\t\t\t<h3 data-start=\"211\" data-end=\"257\"><strong>Conditions G\u00e9n\u00e9rales d\u2019Utilisation (CGU)<\/strong><\/h3><p class=\"\" data-start=\"259\" data-end=\"299\"><strong data-start=\"259\" data-end=\"299\">Derni\u00e8re mise \u00e0 jour : 24 avril 2025<\/strong><\/p><p class=\"\" data-start=\"301\" data-end=\"502\">Bienvenue sur <strong data-start=\"315\" data-end=\"335\">data-training.fr<\/strong>. En acc\u00e9dant \u00e0 notre site, vous acceptez les pr\u00e9sentes Conditions G\u00e9n\u00e9rales d\u2019Utilisation. Si vous n\u2019acceptez pas ces conditions, veuillez ne pas utiliser notre site.<\/p><hr class=\"\" data-start=\"504\" data-end=\"507\" \/><h3 class=\"\" data-start=\"509\" data-end=\"535\">1. Utilisation du site<\/h3><ul data-start=\"536\" data-end=\"788\"><li class=\"\" data-start=\"536\" data-end=\"689\"><p class=\"\" data-start=\"538\" data-end=\"689\">Le site propose des formations en ligne, des bootcamps, et des services de conseil li\u00e9s aux outils de donn\u00e9es (Power BI, Talend, SQL, Python, Tableau).<\/p><\/li><li class=\"\" data-start=\"690\" data-end=\"788\"><p class=\"\" data-start=\"692\" data-end=\"788\">Vous vous engagez \u00e0 utiliser ce site conform\u00e9ment \u00e0 la loi et \u00e0 ne pas en faire un usage abusif.<\/p><\/li><\/ul><hr class=\"\" data-start=\"790\" data-end=\"793\" \/><h3 class=\"\" data-start=\"795\" data-end=\"826\">2. Propri\u00e9t\u00e9 intellectuelle<\/h3><ul data-start=\"827\" data-end=\"1055\"><li class=\"\" data-start=\"827\" data-end=\"964\"><p class=\"\" data-start=\"829\" data-end=\"964\">L\u2019ensemble du contenu du site (textes, images, vid\u00e9os, logos) est la propri\u00e9t\u00e9 exclusive de <strong data-start=\"921\" data-end=\"941\">data-training.fr<\/strong> ou de ses partenaires.<\/p><\/li><li class=\"\" data-start=\"965\" data-end=\"1055\"><p class=\"\" data-start=\"967\" data-end=\"1055\">Toute reproduction, distribution ou utilisation non autoris\u00e9e est strictement interdite.<\/p><\/li><\/ul><hr class=\"\" data-start=\"1057\" data-end=\"1060\" \/><h3 class=\"\" data-start=\"1062\" data-end=\"1090\">3. Inscription aux cours<\/h3><ul data-start=\"1091\" data-end=\"1252\"><li class=\"\" data-start=\"1091\" data-end=\"1163\"><p class=\"\" data-start=\"1093\" data-end=\"1163\">Vous devez fournir des informations exactes lors de votre inscription.<\/p><\/li><li class=\"\" data-start=\"1164\" data-end=\"1252\"><p class=\"\" data-start=\"1166\" data-end=\"1252\">L\u2019acc\u00e8s au contenu payant est accord\u00e9 uniquement apr\u00e8s r\u00e9ception compl\u00e8te du paiement.<\/p><\/li><\/ul><hr class=\"\" data-start=\"1254\" data-end=\"1257\" \/><h3 class=\"\" data-start=\"1259\" data-end=\"1294\">4. Limitation de responsabilit\u00e9<\/h3><ul data-start=\"1295\" data-end=\"1433\"><li class=\"\" data-start=\"1295\" data-end=\"1433\"><p class=\"\" data-start=\"1297\" data-end=\"1433\"><strong data-start=\"1297\" data-end=\"1317\">data-training.fr<\/strong> ne saurait \u00eatre tenu responsable des dommages directs ou indirects li\u00e9s \u00e0 l\u2019utilisation du site ou de ses contenus.<\/p><\/li><\/ul><hr class=\"\" data-start=\"1435\" data-end=\"1438\" \/><h3 class=\"\" data-start=\"1440\" data-end=\"1467\">5. Modification des CGU<\/h3><ul data-start=\"1468\" data-end=\"1587\"><li class=\"\" data-start=\"1468\" data-end=\"1587\"><p class=\"\" data-start=\"1470\" data-end=\"1587\">Nous nous r\u00e9servons le droit de modifier ces conditions \u00e0 tout moment. Les changements seront publi\u00e9s sur cette page.<\/p><\/li><\/ul><hr class=\"\" data-start=\"1589\" data-end=\"1592\" \/><h3 class=\"\" data-start=\"1594\" data-end=\"1608\">6. Contact<\/h3><p class=\"\" data-start=\"1609\" data-end=\"1713\">Pour toute question concernant ces CGU, vous pouvez nous contacter \u00e0 :<br data-start=\"1679\" data-end=\"1682\" \/>\ud83d\udce7 <strong data-start=\"1685\" data-end=\"1713\"><a rel=\"noopener\" data-start=\"1687\" data-end=\"1711\">contact@data-training.fr<\/a><\/strong><\/p><div id=\"simple-translate\" class=\"simple-translate-system-theme\"><div><div class=\"simple-translate-button isShow\" style=\"background-image: url('chrome-extension:\/\/ibplnjkanclpjokhdolnendpplpjiace\/icons\/512.png'); height: 22px; width: 22px; top: 156px; left: 104px;\">\u00a0<\/div><div class=\"simple-translate-panel \" style=\"width: 300px; height: 200px; top: 0px; left: 0px; font-size: 13px;\"><div class=\"simple-translate-result-wrapper\" style=\"overflow: hidden;\"><div class=\"simple-translate-move\" draggable=\"true\">\u00a0<\/div><div class=\"simple-translate-result-contents\"><p class=\"simple-translate-result\" dir=\"auto\">\u00a0<\/p><p class=\"simple-translate-candidate\" dir=\"auto\">\u00a0<\/p><\/div><\/div><\/div><\/div><\/div>\t\t\t\t\t\t\t\t<\/div>\n\t\t\t\t<\/div>\n\t\t\t\t\t<\/div>\n\t\t\t\t<\/div>\n\t\t\t\t<\/div>\n\t\t","protected":false},"excerpt":{"rendered":"<p>Accueil Conditions G\u00e9n\u00e9rales d\u2019Utilisation (CGU) Derni\u00e8re mise \u00e0 jour : 24 avril 2025 Bienvenue sur data-training.fr. En acc\u00e9dant \u00e0 notre site, vous acceptez les pr\u00e9sentes Conditions G\u00e9n\u00e9rales d\u2019Utilisation. Si vous n\u2019acceptez pas ces conditions, veuillez ne pas utiliser notre site. 1. Utilisation du site Le site propose des formations en ligne, des bootcamps, et des services de conseil li\u00e9s aux outils de donn\u00e9es (Power BI, Talend, SQL, Python, Tableau). Vous vous engagez \u00e0 utiliser ce site conform\u00e9ment \u00e0 la loi et \u00e0 ne pas en faire un usage abusif. 2. Propri\u00e9t\u00e9 intellectuelle L\u2019ensemble du contenu du site (textes, images, vid\u00e9os, logos) est la propri\u00e9t\u00e9 exclusive de data-training.fr ou de ses partenaires. Toute reproduction, distribution ou utilisation non autoris\u00e9e est strictement interdite. 3. Inscription aux cours Vous devez fournir des informations exactes lors de votre inscription. L\u2019acc\u00e8s au contenu payant est accord\u00e9 uniquement apr\u00e8s r\u00e9ception compl\u00e8te du paiement. 4. Limitation de responsabilit\u00e9 data-training.fr ne saurait \u00eatre tenu responsable des dommages directs ou indirects li\u00e9s \u00e0 l\u2019utilisation du site ou de ses contenus. 5. Modification des CGU Nous nous r\u00e9servons le droit de modifier ces conditions \u00e0 tout moment. Les changements seront publi\u00e9s sur cette page. 6. Contact Pour toute question concernant ces CGU, vous pouvez nous contacter \u00e0 :\ud83d\udce7 contact@data-training.fr \u00a0\u00a0 \u00a0 \u00a0<\/p>\n","protected":false},"author":15,"featured_media":0,"parent":0,"menu_order":0,"comment_status":"closed","ping_status":"closed","template":"","meta":{"pmpro_default_level":"","footnotes":"","_links_to":"","_links_to_target":""},"class_list":["post-5569","page","type-page","status-publish","hentry","pmpro-has-access"],"_links":{"self":[{"href":"https:\/\/data-training.fr\/lateststagingsite\/wp-json\/wp\/v2\/pages\/5569","targetHints":{"allow":["GET"]}}],"collection":[{"href":"https:\/\/data-training.fr\/lateststagingsite\/wp-json\/wp\/v2\/pages"}],"about":[{"href":"https:\/\/data-training.fr\/lateststagingsite\/wp-json\/wp\/v2\/types\/page"}],"author":[{"embeddable":true,"href":"https:\/\/data-training.fr\/lateststagingsite\/wp-json\/wp\/v2\/users\/15"}],"replies":[{"embeddable":true,"href":"https:\/\/data-training.fr\/lateststagingsite\/wp-json\/wp\/v2\/comments?post=5569"}],"version-history":[{"count":4,"href":"https:\/\/data-training.fr\/lateststagingsite\/wp-json\/wp\/v2\/pages\/5569\/revisions"}],"predecessor-version":[{"id":11172,"href":"https:\/\/data-training.fr\/lateststagingsite\/wp-json\/wp\/v2\/pages\/5569\/revisions\/11172"}],"wp:attachment":[{"href":"https:\/\/data-training.fr\/lateststagingsite\/wp-json\/wp\/v2\/media?parent=5569"}],"curies":[{"name":"wp","href":"https:\/\/api.w.org\/{rel}","templated":true}]}}