{"id":530,"date":"2023-11-26T20:15:34","date_gmt":"2023-11-26T19:15:34","guid":{"rendered":"https:\/\/data-training.fr\/lateststagingsite\/commander\/"},"modified":"2025-08-04T08:57:32","modified_gmt":"2025-08-04T06:57:32","slug":"commander","status":"publish","type":"page","link":"https:\/\/data-training.fr\/lateststagingsite\/commander\/","title":{"rendered":"Validation de la commande"},"content":{"rendered":"\t\t<div data-elementor-type=\"wp-page\" data-elementor-id=\"530\" class=\"elementor elementor-530\" data-elementor-post-type=\"page\">\n\t\t\t\t<div class=\"elementor-element elementor-element-bb949cd e-flex e-con-boxed wpr-particle-no wpr-jarallax-no wpr-parallax-no wpr-sticky-section-no e-con e-parent\" data-id=\"bb949cd\" data-element_type=\"container\" data-settings=\"{&quot;background_background&quot;:&quot;classic&quot;}\">\n\t\t\t\t\t<div class=\"e-con-inner\">\n\t\t<div class=\"elementor-element elementor-element-6a3fe3e e-con-full e-flex wpr-particle-no wpr-jarallax-no wpr-parallax-no wpr-sticky-section-no e-con e-child\" data-id=\"6a3fe3e\" data-element_type=\"container\">\n\t\t\t\t<div class=\"elementor-element elementor-element-ced6363 cartflows-store-checkout-logo-field elementor-widget elementor-widget-image\" data-id=\"ced6363\" data-element_type=\"widget\" data-widget_type=\"image.default\">\n\t\t\t\t<div class=\"elementor-widget-container\">\n\t\t\t\t\t\t\t\t\t\t\t\t\t\t\t\t<a href=\"https:\/\/data-training.fr\/lateststagingsite\">\n\t\t\t\t\t\t\t<img fetchpriority=\"high\" decoding=\"async\" width=\"1836\" height=\"745\" src=\"https:\/\/data-training.fr\/lateststagingsite\/wp-content\/uploads\/2023\/08\/cropped-DATA-TRAINING-LOGO_COMPLET-BLEU-FOND-TRANSPARENT.png\" class=\"attachment-full size-full wp-image-1613\" alt=\"\" srcset=\"https:\/\/data-training.fr\/lateststagingsite\/wp-content\/uploads\/2023\/08\/cropped-DATA-TRAINING-LOGO_COMPLET-BLEU-FOND-TRANSPARENT.png 1836w, https:\/\/data-training.fr\/lateststagingsite\/wp-content\/uploads\/2023\/08\/cropped-DATA-TRAINING-LOGO_COMPLET-BLEU-FOND-TRANSPARENT-300x122.png 300w, https:\/\/data-training.fr\/lateststagingsite\/wp-content\/uploads\/2023\/08\/cropped-DATA-TRAINING-LOGO_COMPLET-BLEU-FOND-TRANSPARENT-1024x416.png 1024w, https:\/\/data-training.fr\/lateststagingsite\/wp-content\/uploads\/2023\/08\/cropped-DATA-TRAINING-LOGO_COMPLET-BLEU-FOND-TRANSPARENT-768x312.png 768w, https:\/\/data-training.fr\/lateststagingsite\/wp-content\/uploads\/2023\/08\/cropped-DATA-TRAINING-LOGO_COMPLET-BLEU-FOND-TRANSPARENT-1536x623.png 1536w, https:\/\/data-training.fr\/lateststagingsite\/wp-content\/uploads\/2023\/08\/cropped-DATA-TRAINING-LOGO_COMPLET-BLEU-FOND-TRANSPARENT-600x243.png 600w\" sizes=\"(max-width: 1836px) 100vw, 1836px\" \/>\t\t\t\t\t\t\t\t<\/a>\n\t\t\t\t\t\t\t\t\t\t\t\t\t\t\t<\/div>\n\t\t\t\t<\/div>\n\t\t\t\t<\/div>\n\t\t<div class=\"elementor-element elementor-element-ac1df61 e-con-full e-flex wpr-particle-no wpr-jarallax-no wpr-parallax-no wpr-sticky-section-no e-con e-child\" data-id=\"ac1df61\" data-element_type=\"container\">\n\t\t\t\t<div class=\"elementor-element elementor-element-ac9e879 elementor-align-right elementor-mobile-align-center elementor-icon-list--layout-traditional elementor-list-item-link-full_width elementor-widget elementor-widget-icon-list\" data-id=\"ac9e879\" data-element_type=\"widget\" data-widget_type=\"icon-list.default\">\n\t\t\t\t<div class=\"elementor-widget-container\">\n\t\t\t\t\t\t\t<ul class=\"elementor-icon-list-items\">\n\t\t\t\t\t\t\t<li class=\"elementor-icon-list-item\">\n\t\t\t\t\t\t\t\t\t\t\t<span class=\"elementor-icon-list-icon\">\n\t\t\t\t\t\t\t<svg aria-hidden=\"true\" class=\"e-font-icon-svg e-fas-lock\" viewBox=\"0 0 448 512\" xmlns=\"http:\/\/www.w3.org\/2000\/svg\"><path d=\"M400 224h-24v-72C376 68.2 307.8 0 224 0S72 68.2 72 152v72H48c-26.5 0-48 21.5-48 48v192c0 26.5 21.5 48 48 48h352c26.5 0 48-21.5 48-48V272c0-26.5-21.5-48-48-48zm-104 0H152v-72c0-39.7 32.3-72 72-72s72 32.3 72 72v72z\"><\/path><\/svg>\t\t\t\t\t\t<\/span>\n\t\t\t\t\t\t\t\t\t\t<span class=\"elementor-icon-list-text\">Paiement s\u00e9curis\u00e9 SSL<\/span>\n\t\t\t\t\t\t\t\t\t<\/li>\n\t\t\t\t\t\t<\/ul>\n\t\t\t\t\t\t<\/div>\n\t\t\t\t<\/div>\n\t\t\t\t<\/div>\n\t\t\t\t\t<\/div>\n\t\t\t\t<\/div>\n\t\t<div class=\"elementor-element elementor-element-4f9f8f4 e-flex e-con-boxed wpr-particle-no wpr-jarallax-no wpr-parallax-no wpr-sticky-section-no e-con e-parent\" data-id=\"4f9f8f4\" data-element_type=\"container\">\n\t\t\t\t\t<div class=\"e-con-inner\">\n\t\t<div class=\"elementor-element elementor-element-9d722ec e-con-full e-flex wpr-particle-no wpr-jarallax-no wpr-parallax-no wpr-sticky-section-no e-con e-child\" data-id=\"9d722ec\" data-element_type=\"container\">\n\t\t\t\t<div class=\"elementor-element elementor-element-c77309e elementor-widget__width-auto elementor-icon-list--layout-traditional elementor-list-item-link-full_width elementor-widget elementor-widget-icon-list\" data-id=\"c77309e\" data-element_type=\"widget\" data-widget_type=\"icon-list.default\">\n\t\t\t\t<div class=\"elementor-widget-container\">\n\t\t\t\t\t\t\t<ul class=\"elementor-icon-list-items\">\n\t\t\t\t\t\t\t<li class=\"elementor-icon-list-item\">\n\t\t\t\t\t\t\t\t\t\t\t<span class=\"elementor-icon-list-icon\">\n\t\t\t\t\t\t\t<svg aria-hidden=\"true\" class=\"e-font-icon-svg e-far-dot-circle\" viewBox=\"0 0 512 512\" xmlns=\"http:\/\/www.w3.org\/2000\/svg\"><path d=\"M256 56c110.532 0 200 89.451 200 200 0 110.532-89.451 200-200 200-110.532 0-200-89.451-200-200 0-110.532 89.451-200 200-200m0-48C119.033 8 8 119.033 8 256s111.033 248 248 248 248-111.033 248-248S392.967 8 256 8zm0 168c-44.183 0-80 35.817-80 80s35.817 80 80 80 80-35.817 80-80-35.817-80-80-80z\"><\/path><\/svg>\t\t\t\t\t\t<\/span>\n\t\t\t\t\t\t\t\t\t\t<span class=\"elementor-icon-list-text\">Information<\/span>\n\t\t\t\t\t\t\t\t\t<\/li>\n\t\t\t\t\t\t<\/ul>\n\t\t\t\t\t\t<\/div>\n\t\t\t\t<\/div>\n\t\t\t\t<div class=\"elementor-element elementor-element-a69d3df elementor-widget__width-auto elementor-widget-divider--view-line elementor-widget elementor-widget-divider\" data-id=\"a69d3df\" data-element_type=\"widget\" data-widget_type=\"divider.default\">\n\t\t\t\t<div class=\"elementor-widget-container\">\n\t\t\t\t\t\t\t<div class=\"elementor-divider\">\n\t\t\t<span class=\"elementor-divider-separator\">\n\t\t\t\t\t\t<\/span>\n\t\t<\/div>\n\t\t\t\t\t\t<\/div>\n\t\t\t\t<\/div>\n\t\t\t\t<div class=\"elementor-element elementor-element-6173660 elementor-widget__width-auto elementor-icon-list--layout-traditional elementor-list-item-link-full_width elementor-widget elementor-widget-icon-list\" data-id=\"6173660\" data-element_type=\"widget\" data-widget_type=\"icon-list.default\">\n\t\t\t\t<div class=\"elementor-widget-container\">\n\t\t\t\t\t\t\t<ul class=\"elementor-icon-list-items\">\n\t\t\t\t\t\t\t<li class=\"elementor-icon-list-item\">\n\t\t\t\t\t\t\t\t\t\t<span class=\"elementor-icon-list-text\"><\/span>\n\t\t\t\t\t\t\t\t\t<\/li>\n\t\t\t\t\t\t<\/ul>\n\t\t\t\t\t\t<\/div>\n\t\t\t\t<\/div>\n\t\t\t\t<\/div>\n\t\t<div class=\"elementor-element elementor-element-208df96 e-con-full e-flex wpr-particle-no wpr-jarallax-no wpr-parallax-no wpr-sticky-section-no e-con e-child\" data-id=\"208df96\" data-element_type=\"container\">\n\t\t\t\t<div class=\"elementor-element elementor-element-91ec771 e-checkout-layout-one-column elementor-widget elementor-widget-woocommerce-checkout-page\" data-id=\"91ec771\" data-element_type=\"widget\" data-widget_type=\"woocommerce-checkout-page.default\">\n\t\t\t\t<div class=\"elementor-widget-container\">\n\t\t\t\t\t<div class=\"woocommerce\"><\/div>\t\t\t\t<\/div>\n\t\t\t\t<\/div>\n\t\t\t\t<\/div>\n\t\t\t\t\t<\/div>\n\t\t\t\t<\/div>\n\t\t<div class=\"elementor-element elementor-element-6ee5d88 e-flex e-con-boxed wpr-particle-no wpr-jarallax-no wpr-parallax-no wpr-sticky-section-no e-con e-parent\" data-id=\"6ee5d88\" data-element_type=\"container\" data-settings=\"{&quot;background_background&quot;:&quot;classic&quot;}\">\n\t\t\t\t\t<div class=\"e-con-inner\">\n\t\t\t\t<div class=\"elementor-element elementor-element-759cb2e elementor-widget elementor-widget-heading\" data-id=\"759cb2e\" data-element_type=\"widget\" data-widget_type=\"heading.default\">\n\t\t\t\t<div class=\"elementor-widget-container\">\n\t\t\t\t\t<p class=\"elementor-heading-title elementor-size-default\">Copyright \u00a9 2025 DATA-TRAINING.FR . Tous droits r\u00e9serv\u00e9s.<\/p>\t\t\t\t<\/div>\n\t\t\t\t<\/div>\n\t\t\t\t\t<\/div>\n\t\t\t\t<\/div>\n\t\t\t\t<\/div>\n\t\t","protected":false},"excerpt":{"rendered":"<p>Paiement s\u00e9curis\u00e9 SSL Information D\u00e9tails de facturation Pr\u00e9nom&nbsp;* Nom de famille&nbsp;* Pays\/r\u00e9gion&nbsp;*S\u00e9lectionner un pays\/r\u00e9gion\u2026AfghanistanAfrique du Sud\u00c5land IslandsAlbanieAlg\u00e9rieAllemagneAmerican SamoaAndorreAngolaAnguillaAntarctiqueAntigua-et-BarbudaArabie SaouditeArgentineArm\u00e9nieArubaAustralieAutricheAzerbaijanBahamasBahrainBangladeshBarbadesBelauBelgiqueBelizeBeninBermudesBhutanBi\u00e9lorussieBolivieBosnie-Herz\u00e9govineBotswanaBr\u00e9silBruneiBulgarieBurkina FasoBurundiCambodgeCamerounCanadaCap VertChiliChineChristmas IslandChypreColombieComoresCongo (Brazzaville)Congo (Kinshasa)Cor\u00e9e du NordCor\u00e9e du SudCosta RicaC\u00f4te-d\u2019IvoireCroatieCubaCura\u00e7aoDanemarkDjiboutiDominique\u00c9gypte\u00c9mirats Arabes Unis\u00c9quateurErythr\u00e9eEspagneEstonieEswatiniEtats-Unis (USA)\u00c9thiopieFidjiFinlandeFranceGabonGambieG\u00e9orgieG\u00e9orgie du Sud \/ \u00eeles SandwichGhanaGibraltarGr\u00e8ceGrenadeGroenlandGuadeloupeGuamGuatemalaGuerneseyGuin\u00e9eGuin\u00e9e \u00e9quatorialeGuin\u00e9e-BissauGuyaneGuyane Fran\u00e7aiseHa\u00eftiHondurasHong KongHongrie\u00cele Bouvet\u00cele de Man\u00cele Norfolk\u00celes Ca\u00efmans\u00celes Cocos\u00celes Cook\u00celes Falkland\u00celes F\u00e9ro\u00e9\u00celes Heard-et-MacDonald\u00celes Marshall\u00celes Mineures \u00e9loign\u00e9es des \u00c9tats-Unis\u00celes Salomon\u00celes Turques et Ca\u00efquesIndeIndon\u00e9sieIranIraqIrlandeIslandeIsra\u00eblItalieJama\u00efqueJaponJerseyJordanieKazakhstanKenyaKiribatiKowe\u00eftKyrgyzstanLa R\u00e9unionLaosLesothoLettonieLibanLiberiaLibyeLiechtensteinLituanieLuxembourgMacaoMac\u00e9doine du NordMadagascarMalaisieMalawiMaldivesMaliMalteMarocMartiniqueMauriceMauritanieMayotteMexiqueMicron\u00e9sieMoldavieMonacoMongolieMontenegroMontserratMozambiqueMyanmarNamibieNauruN\u00e9palNicaraguaNigerNigeriaNiueNorthern Mariana IslandsNorv\u00e8geNouvelle-Cal\u00e9donieNouvelle-Z\u00e9landeOmanPakistanPanamaPapouasie-Nouvelle-Guin\u00e9eParaguayPays-BasP\u00e9rouPhilippinesPitcairnPolognePolyn\u00e9sie Fran\u00e7aisePortugalPuerto RicoQatarR\u00e9publique CentrafricaineR\u00e9publique DominicaineR\u00e9publique Tch\u00e8queRoumanieRoyaume-Uni (UK)RussieRwandaSaba, Saint-Eustache et BonaireSahara occidentalSaint Barth\u00e9lemySaint Pierre et MiquelonSaint-Kitts-et-NevisSaint-Martin (partie fran\u00e7aise)Saint-Martin (partie n\u00e9erlandaise)Saint-Vincent-et-les-GrenadinesSainte-H\u00e9l\u00e8neSainte-LucieSalvadorSamoaSan MarinoSao Tom\u00e9-et-PrincipeS\u00e9n\u00e9galSerbieSeychellesSierra LeoneSingapourSlovaquieSlov\u00e9nieSomalieSoudanSoudan du SudSri LankaSu\u00e8deSuisseSurinameSvalbard et Jan MayenSyrieTaiwanTajikistanTanzanieTchadTerres Australes Fran\u00e7aisesTerritoire britannique de l\u2019oc\u00e9an IndienTerritoire PalestinienThailandeTimor orientalTogoTokelauTongaTrinit\u00e9-et-TobagoTunisieTurkm\u00e9nistanTurquieTuvaluUgandaUkraineUruguayUzbekistanVanuatuVaticanVenezuelaVietnamVirgin Islands (British)Virgin Islands (US)Wallis et FutunaYemenZambieZimbabweMettre \u00e0 jour le pays\/r\u00e9gion Num\u00e9ro et nom de rue&nbsp;* Appartement, suite, unit\u00e9, etc.&nbsp;(facultatif) Ville&nbsp;* District&nbsp;*S\u00e9lectionner une option\u2026BagerhatBandarbanBargunaBarisalBholaBograBrahmanbariaChandpurChattogramChuadangaCox&rsquo;s BazarComillaDhakaDinajpurFaridpur FeniGaibandhaGazipurGopalganjHabiganjJamalpurJashoreJhalokatiJhenaidahJoypurhatKhagrachhariKhulnaKishoreganjKurigramKushtiaLakshmipurLalmonirhatMadaripurMaguraManikganj MeherpurMoulvibazarMunshiganjMymensinghNaogaonNarailNarayanganjNarsingdiNatoreNawabganjNetrakonaNilphamariNoakhaliPabnaPanchagarhPatuakhaliPirojpurRajbariRajshahiRangamatiRangpurSatkhiraShariatpurSherpurSirajganjSunamganjSylhetTangailThakurgaon Code postal&nbsp;(facultatif) T\u00e9l\u00e9phone&nbsp;(facultatif) Adresse email&nbsp;* Notes de commande&nbsp;(facultatif) Votre commande Produit Sous-total S\u00e9ance de Coaching Personnalis\u00e9&nbsp; &times;&nbsp;1 Gratuit Sous-total Gratuit Total 0.00&nbsp;&euro; Votre navigateur ne supporte pas JavaScript ou bien il est d\u00e9sactiv\u00e9, assurez vous de cliquer sur le bouton Mise \u00e0 Jour Totaux avant de passer votre commande. Vous pouvez \u00eatre factur\u00e9 plus que le montant indiqu\u00e9 ci-dessus si vous omettez de le faire. Mise \u00e0 jour des totaux Vos donn\u00e9es personnelles seront utilis\u00e9es pour traiter votre commande, am\u00e9liorer votre exp\u00e9rience sur notre site et pour d\u2019autres finalit\u00e9s pr\u00e9cis\u00e9es dans notre politique de confidentialit\u00e9. Accueil \ud83d\udd10 Protection des donn\u00e9es personnelles 1. Responsable du traitement Le responsable du traitement des donn\u00e9es personnelles collect\u00e9es sur ce site est :Wikipedia+1Wikipedia+1 Data-TrainingAdresse : [\u00e0 compl\u00e9ter]Email : [\u00e0 compl\u00e9ter]T\u00e9l\u00e9phone : [\u00e0 compl\u00e9ter]Self Th\u00e9rapie Formation+20cnil.fr+20IAPP+20 2. Donn\u00e9es collect\u00e9es Nous collectons uniquement les donn\u00e9es n\u00e9cessaires \u00e0 la gestion de nos services de formation, notamment :cnil.fr+5perfectpitch.training+5Data Innovations+5 Nom, pr\u00e9nom Adresse e-mail Num\u00e9ro de t\u00e9l\u00e9phone Informations professionnelles (poste, entreprise) Historique des formations suivies Donn\u00e9es de navigation (via cookies, avec consentement)Wikipedia+10Lightricks+10perfectpitch.training+10perfectpitch.training+7IAPP+7fr.digitalcourses.afp.com+7 3. Finalit\u00e9s du traitement Les donn\u00e9es sont utilis\u00e9es pour :Lightricks G\u00e9rer les inscriptions et le suivi des formations Envoyer des informations relatives aux formations Am\u00e9liorer l&rsquo;exp\u00e9rience utilisateur sur notre site Respecter nos obligations l\u00e9gales et r\u00e9glementairesUdemy+5LRN+5IAPP+5IAPP 4. Dur\u00e9e de conservation Les donn\u00e9es sont conserv\u00e9es pendant une dur\u00e9e maximale de 3 ans apr\u00e8s la fin de la relation contractuelle ou le dernier contact, sauf obligation l\u00e9gale contraire. 5. Droits des utilisateurs Conform\u00e9ment au RGPD, vous disposez des droits suivants : Droit d&rsquo;acc\u00e8s, de rectification et de suppression de vos donn\u00e9es Droit \u00e0 la limitation et \u00e0 l&rsquo;opposition au traitement Droit \u00e0 la portabilit\u00e9 de vos donn\u00e9es Droit de retirer votre consentement \u00e0 tout moment Droit d&rsquo;introduire une r\u00e9clamation aupr\u00e8s de la CNILcnil.frWikipedia Pour exercer ces droits, veuillez nous contacter \u00e0 l&rsquo;adresse suivante : [email \u00e0 compl\u00e9ter]. 6. S\u00e9curit\u00e9 des donn\u00e9es Nous mettons en \u0153uvre des mesures techniques et organisationnelles appropri\u00e9es pour garantir la s\u00e9curit\u00e9 et la confidentialit\u00e9 de vos donn\u00e9es personnelles. 7. Cookies Notre site utilise des cookies pour am\u00e9liorer votre exp\u00e9rience utilisateur. Vous pouvez g\u00e9rer vos pr\u00e9f\u00e9rences en mati\u00e8re de cookies via notre banni\u00e8re de consentement. J\u2019ai lu et j\u2019accepte la politique de confidentialit\u00e9 * politique de confidentialit\u00e9 &nbsp;* Commander Copyright \u00a9 2025 DATA-TRAINING.FR . Tous droits r\u00e9serv\u00e9s.<\/p>\n","protected":false},"author":1,"featured_media":0,"parent":0,"menu_order":0,"comment_status":"closed","ping_status":"closed","template":"elementor_canvas","meta":{"pmpro_default_level":"","footnotes":"","_links_to":"","_links_to_target":""},"class_list":["post-530","page","type-page","status-publish","hentry","pmpro-has-access"],"_links":{"self":[{"href":"https:\/\/data-training.fr\/lateststagingsite\/wp-json\/wp\/v2\/pages\/530","targetHints":{"allow":["GET"]}}],"collection":[{"href":"https:\/\/data-training.fr\/lateststagingsite\/wp-json\/wp\/v2\/pages"}],"about":[{"href":"https:\/\/data-training.fr\/lateststagingsite\/wp-json\/wp\/v2\/types\/page"}],"author":[{"embeddable":true,"href":"https:\/\/data-training.fr\/lateststagingsite\/wp-json\/wp\/v2\/users\/1"}],"replies":[{"embeddable":true,"href":"https:\/\/data-training.fr\/lateststagingsite\/wp-json\/wp\/v2\/comments?post=530"}],"version-history":[{"count":15,"href":"https:\/\/data-training.fr\/lateststagingsite\/wp-json\/wp\/v2\/pages\/530\/revisions"}],"predecessor-version":[{"id":13737,"href":"https:\/\/data-training.fr\/lateststagingsite\/wp-json\/wp\/v2\/pages\/530\/revisions\/13737"}],"wp:attachment":[{"href":"https:\/\/data-training.fr\/lateststagingsite\/wp-json\/wp\/v2\/media?parent=530"}],"curies":[{"name":"wp","href":"https:\/\/api.w.org\/{rel}","templated":true}]}}